{"id":74,"date":"2021-08-12T13:19:40","date_gmt":"2021-08-12T16:19:40","guid":{"rendered":"https:\/\/icencontrodeartes.com.br\/ic16\/?page_id=74"},"modified":"2024-08-28T13:46:37","modified_gmt":"2024-08-28T16:46:37","slug":"quem-somos","status":"publish","type":"page","link":"https:\/\/icencontrodeartes.com.br\/ic16\/quem-somos\/","title":{"rendered":"quem somos"},"content":{"rendered":"<p>O IC Encontro de Artes \u00e9 realizado pela <a href=\"https:\/\/conexoescriativas.com.br\/\" target=\"_blank\" rel=\"noopener\">Associa\u00e7\u00e3o Conex\u00f5es Criativas<\/a> em parceria com a <a href=\"https:\/\/dimenti.com.br\/\" target=\"_blank\" rel=\"noopener\">Dimenti Produ\u00e7\u00f5es Culturais<\/a>.<\/p>\n<p><strong>Coordena\u00e7\u00e3o geral:<\/strong><br \/>\nEllen Mello<br \/>\n<strong>Curadoria:<\/strong><br \/>\nEllen Mello, Jorge Alencar, Larissa Lacerda e Neto Machado<\/p>\n<p><strong>PRODU\u00c7\u00c3O<br \/>\nCoordena\u00e7\u00e3o de produ\u00e7\u00e3o:<\/strong><br \/>\nEllen Mello<br \/>\n<strong>Produ\u00e7\u00e3o executiva:<\/strong><br \/>\nTais Bichara<br \/>\n<strong>Equipe de produ\u00e7\u00e3o:<\/strong><br \/>\nJ\u00fanior Dias e La\u00eds da Concei\u00e7\u00e3o<br \/>\n<strong>Bolsista de produ\u00e7\u00e3o:<\/strong><br \/>\nTalit Pereira<br \/>\n<strong>Equipe t\u00e9cnica:<\/strong><br \/>\nEdmundo Junior, Larissa Lacerda, Milena Pitombo, Nando Zambia e Victor Hugo S\u00e1<br \/>\n<strong>Transporte:<\/strong><br \/>\nJorge Martins &#8211; Real Tour<\/p>\n<p><strong>ADMINISTRATIVO<br \/>\nCoordena\u00e7\u00e3o de monitoramento:<\/strong><br \/>\nFabiana Pimentel<br \/>\n<strong>Coordena\u00e7\u00e3o financeira:<\/strong><br \/>\nMar\u00edlia Pereira<br \/>\n<strong>Assistente financeira:<\/strong><br \/>\nTha\u00eds Tavares<\/p>\n<p><strong>COMUNICA\u00c7\u00c3O<br \/>\nCoordena\u00e7\u00e3o de comunica\u00e7\u00e3o e gest\u00e3o de redes sociais:<\/strong><br \/>\nPaula Berbert<br \/>\n<strong>Design:<\/strong><br \/>\nLu\u00edza Senna<br \/>\n<strong>Assistente de comunica\u00e7\u00e3o:<\/strong><br \/>\nBrenda Santos<br \/>\n<strong>Assessoria de imprensa:<\/strong><br \/>\nAtila Barros<br \/>\n<strong>Bolsista de comunica\u00e7\u00e3o:<\/strong><br \/>\nJ\u00falia Bitencourt<br \/>\n<strong>Site:<\/strong><br \/>\nDiego Fox<br \/>\n<strong>Registro fotogr\u00e1fico:<\/strong><br \/>\nPatricia Almeida<br \/>\n<strong>Registro audiovisual:<\/strong><br \/>\nShe Filmes<\/p>\n<p><strong>ACESSIBILIDADE<br \/>\nRoteiro e narra\u00e7\u00e3o de audiodescri\u00e7\u00e3o:<\/strong><br \/>\nJurema Iris<br \/>\n<strong>Consultoria de audiodescri\u00e7\u00e3o:<\/strong><br \/>\nEdnilson Sacramento e Ira Villaronga<br \/>\n<strong>Int\u00e9rpretes de Libras:<\/strong><br \/>\nN\u00e2nara Santana e Daisy Souza<br \/>\n<strong>Acolhimento de pessoas com defici\u00eancia:<\/strong><br \/>\nLarissa Rodrigues<\/p>\n","protected":false},"excerpt":{"rendered":"<p>O IC Encontro de Artes \u00e9 realizado pela Associa\u00e7\u00e3o Conex\u00f5es Criativas em parceria com a Dimenti Produ\u00e7\u00f5es Culturais. Coordena\u00e7\u00e3o geral: Ellen Mello Curadoria: Ellen Mello, Jorge Alencar, Larissa Lacerda e Neto Machado PRODU\u00c7\u00c3O Coordena\u00e7\u00e3o de produ\u00e7\u00e3o: Ellen Mello Produ\u00e7\u00e3o executiva: Tais Bichara Equipe de produ\u00e7\u00e3o: J\u00fanior Dias e La\u00eds da Concei\u00e7\u00e3o Bolsista de produ\u00e7\u00e3o: Talit [&hellip;]<\/p>\n","protected":false},"author":1,"featured_media":0,"parent":0,"menu_order":6,"comment_status":"closed","ping_status":"closed","template":"","meta":{"_acf_changed":false,"_et_pb_use_builder":"","_et_pb_old_content":"","_et_gb_content_width":"","footnotes":""},"class_list":["post-74","page","type-page","status-publish","hentry"],"acf":[],"_links":{"self":[{"href":"https:\/\/icencontrodeartes.com.br\/ic16\/wp-json\/wp\/v2\/pages\/74","targetHints":{"allow":["GET"]}}],"collection":[{"href":"https:\/\/icencontrodeartes.com.br\/ic16\/wp-json\/wp\/v2\/pages"}],"about":[{"href":"https:\/\/icencontrodeartes.com.br\/ic16\/wp-json\/wp\/v2\/types\/page"}],"author":[{"embeddable":true,"href":"https:\/\/icencontrodeartes.com.br\/ic16\/wp-json\/wp\/v2\/users\/1"}],"replies":[{"embeddable":true,"href":"https:\/\/icencontrodeartes.com.br\/ic16\/wp-json\/wp\/v2\/comments?post=74"}],"version-history":[{"count":21,"href":"https:\/\/icencontrodeartes.com.br\/ic16\/wp-json\/wp\/v2\/pages\/74\/revisions"}],"predecessor-version":[{"id":558,"href":"https:\/\/icencontrodeartes.com.br\/ic16\/wp-json\/wp\/v2\/pages\/74\/revisions\/558"}],"wp:attachment":[{"href":"https:\/\/icencontrodeartes.com.br\/ic16\/wp-json\/wp\/v2\/media?parent=74"}],"curies":[{"name":"wp","href":"https:\/\/api.w.org\/{rel}","templated":true}]}}