{"id":72,"date":"2021-08-12T13:16:12","date_gmt":"2021-08-12T16:16:12","guid":{"rendered":"https:\/\/icencontrodeartes.com.br\/ic16\/?page_id=72"},"modified":"2024-07-15T22:31:23","modified_gmt":"2024-07-16T01:31:23","slug":"o-que-e","status":"publish","type":"page","link":"https:\/\/icencontrodeartes.com.br\/ic16\/o-que-e\/","title":{"rendered":"o que \u00e9"},"content":{"rendered":"<p><strong>\u201cQue monstra sou eu?\u201d<\/strong> Essa \u00e9 a pergunta-chave da 16\u00aa edi\u00e7\u00e3o do IC Encontro de Artes, festival realizado pela Conex\u00f5es Criativas em parceria com a Dimenti Produ\u00e7\u00f5es Culturais, que acontece entre os dias 21 e 24 de agosto em Salvador.<\/p>\n<p>O que reconhecemos como monstruosidades? Do que temos medo na exist\u00eancia de outras pessoas e na nossa pr\u00f3pria? Antes de serem taxados por julgamentos de rejei\u00e7\u00e3o, artistas, projetos e pr\u00e1ticas art\u00edsticas t\u00eam se reapropriado dessa designa\u00e7\u00e3o julgadora e se afirmado como monstruosos para subverter estigmas, classifica\u00e7\u00f5es, exclus\u00f5es, binarismos e normas tidas como padr\u00e3o para estar no mundo. O IC16 se liberta de conservadorismos, escancara as portas para as diferen\u00e7as e apresenta uma programa\u00e7\u00e3o com artistas e espet\u00e1culos dissidentes, que rompem com morais opressoras sobre seus corpos, identidades e escolhas.<\/p>\n<p>O IC \u00e9 uma iniciativa art\u00edstica independente, contempor\u00e2nea e desafiadora, concebida de forma continuada e impulsora de instigantes processos para a produ\u00e7\u00e3o cultural da Bahia e do Brasil. O projeto abre espa\u00e7o para articula\u00e7\u00f5es, reflex\u00f5es e interc\u00e2mbios como uma plataforma pluriart\u00edstica de cria\u00e7\u00e3o e difus\u00e3o. Cada edi\u00e7\u00e3o \u00e9 atravessada por uma quest\u00e3o simb\u00f3lica que orienta o processo curatorial e a composi\u00e7\u00e3o da programa\u00e7\u00e3o, em conson\u00e2ncia com aquilo que move a cria\u00e7\u00e3o de artistas em diferentes partes do mundo e em associa\u00e7\u00e3o com as pesquisas dos pr\u00f3prios artistas-curadores-produtores: Ellen Mello, Jorge Alencar, Larissa Lacerda e Neto Machado. <a href=\"https:\/\/www.icencontrodeartes.com.br\/ic\" rel=\"noopener\" target=\"_blank\">Saiba mais sobre o IC e sua hist\u00f3ria aqui<\/a>.<\/p>\n","protected":false},"excerpt":{"rendered":"<p>\u201cQue monstra sou eu?\u201d Essa \u00e9 a pergunta-chave da 16\u00aa edi\u00e7\u00e3o do IC Encontro de Artes, festival realizado pela Conex\u00f5es Criativas em parceria com a Dimenti Produ\u00e7\u00f5es Culturais, que acontece entre os dias 21 e 24 de agosto em Salvador. O que reconhecemos como monstruosidades? Do que temos medo na exist\u00eancia de outras pessoas e [&hellip;]<\/p>\n","protected":false},"author":1,"featured_media":0,"parent":0,"menu_order":4,"comment_status":"closed","ping_status":"closed","template":"","meta":{"_acf_changed":false,"_et_pb_use_builder":"","_et_pb_old_content":"","_et_gb_content_width":"","footnotes":""},"class_list":["post-72","page","type-page","status-publish","hentry"],"acf":[],"_links":{"self":[{"href":"https:\/\/icencontrodeartes.com.br\/ic16\/wp-json\/wp\/v2\/pages\/72","targetHints":{"allow":["GET"]}}],"collection":[{"href":"https:\/\/icencontrodeartes.com.br\/ic16\/wp-json\/wp\/v2\/pages"}],"about":[{"href":"https:\/\/icencontrodeartes.com.br\/ic16\/wp-json\/wp\/v2\/types\/page"}],"author":[{"embeddable":true,"href":"https:\/\/icencontrodeartes.com.br\/ic16\/wp-json\/wp\/v2\/users\/1"}],"replies":[{"embeddable":true,"href":"https:\/\/icencontrodeartes.com.br\/ic16\/wp-json\/wp\/v2\/comments?post=72"}],"version-history":[{"count":7,"href":"https:\/\/icencontrodeartes.com.br\/ic16\/wp-json\/wp\/v2\/pages\/72\/revisions"}],"predecessor-version":[{"id":469,"href":"https:\/\/icencontrodeartes.com.br\/ic16\/wp-json\/wp\/v2\/pages\/72\/revisions\/469"}],"wp:attachment":[{"href":"https:\/\/icencontrodeartes.com.br\/ic16\/wp-json\/wp\/v2\/media?parent=72"}],"curies":[{"name":"wp","href":"https:\/\/api.w.org\/{rel}","templated":true}]}}